{"id":9,"date":"2015-07-06T14:49:12","date_gmt":"2015-07-06T12:49:12","guid":{"rendered":"http:\/\/www.luleamakerspace.se\/?page_id=9"},"modified":"2023-11-29T10:13:28","modified_gmt":"2023-11-29T09:13:28","slug":"sponsorer","status":"publish","type":"page","link":"https:\/\/www.luleamakerspace.se\/?page_id=9","title":{"rendered":"Sponsorer och samarbetspartners"},"content":{"rendered":"\n<p class=\"wp-block-paragraph\"><strong>Vi \u00e4r extra glad och tacksamma f\u00f6r det st\u00f6d vi f\u00e5r fr\u00e5n v\u00e5ra sponsorer och samarbetspartners. H\u00e4r \u00e4r de som st\u00f6ttar oss under 2023.<\/strong> <\/p>\n\n\n<div class=\"wp-block-image\">\n<figure class=\"aligncenter size-large is-resized\"><a href=\"http:\/\/www.luleamakerspace.se\/wp-content\/uploads\/2023\/11\/LK_logo_2rad_RGB.jpg\"><img decoding=\"async\" width=\"1024\" height=\"463\" data-src=\"http:\/\/www.luleamakerspace.se\/wp-content\/uploads\/2023\/11\/LK_logo_2rad_RGB-1024x463.jpg\" alt=\"\" class=\"wp-image-1783 lazyload\" style=\"--smush-placeholder-width: 1024px; --smush-placeholder-aspect-ratio: 1024\/463;width:505px;height:auto\" data-srcset=\"https:\/\/www.luleamakerspace.se\/wp-content\/uploads\/2023\/11\/LK_logo_2rad_RGB-1024x463.jpg 1024w, https:\/\/www.luleamakerspace.se\/wp-content\/uploads\/2023\/11\/LK_logo_2rad_RGB-300x136.jpg 300w, https:\/\/www.luleamakerspace.se\/wp-content\/uploads\/2023\/11\/LK_logo_2rad_RGB-768x347.jpg 768w, https:\/\/www.luleamakerspace.se\/wp-content\/uploads\/2023\/11\/LK_logo_2rad_RGB-1536x695.jpg 1536w, https:\/\/www.luleamakerspace.se\/wp-content\/uploads\/2023\/11\/LK_logo_2rad_RGB.jpg 1702w\" data-sizes=\"(max-width: 1024px) 100vw, 1024px\" src=\"data:image\/svg+xml;base64,PHN2ZyB3aWR0aD0iMSIgaGVpZ2h0PSIxIiB4bWxucz0iaHR0cDovL3d3dy53My5vcmcvMjAwMC9zdmciPjwvc3ZnPg==\" \/><\/a><\/figure>\n<\/div>\n\n<div class=\"wp-block-image\">\n<figure class=\"aligncenter size-full is-resized\"><a href=\"http:\/\/www.luleamakerspace.se\/wp-content\/uploads\/2020\/02\/Lulebo.png\"><img decoding=\"async\" width=\"400\" height=\"195\" data-src=\"http:\/\/www.luleamakerspace.se\/wp-content\/uploads\/2020\/02\/Lulebo.png\" alt=\"\" class=\"wp-image-1101 lazyload\" style=\"--smush-placeholder-width: 400px; --smush-placeholder-aspect-ratio: 400\/195;width:506px;height:auto\" data-srcset=\"https:\/\/www.luleamakerspace.se\/wp-content\/uploads\/2020\/02\/Lulebo.png 400w, https:\/\/www.luleamakerspace.se\/wp-content\/uploads\/2020\/02\/Lulebo-300x146.png 300w\" data-sizes=\"(max-width: 400px) 100vw, 400px\" src=\"data:image\/svg+xml;base64,PHN2ZyB3aWR0aD0iMSIgaGVpZ2h0PSIxIiB4bWxucz0iaHR0cDovL3d3dy53My5vcmcvMjAwMC9zdmciPjwvc3ZnPg==\" \/><\/a><\/figure>\n<\/div>\n\n<div class=\"wp-block-image\">\n<figure class=\"aligncenter size-large\"><a href=\"http:\/\/www.luleamakerspace.se\/wp-content\/uploads\/2019\/03\/lulea-energirgb.jpg\"><img decoding=\"async\" width=\"1024\" height=\"361\" data-src=\"http:\/\/www.luleamakerspace.se\/wp-content\/uploads\/2019\/03\/lulea-energirgb-1024x361.jpg\" alt=\"\" class=\"wp-image-937 lazyload\" data-srcset=\"https:\/\/www.luleamakerspace.se\/wp-content\/uploads\/2019\/03\/lulea-energirgb-1024x361.jpg 1024w, https:\/\/www.luleamakerspace.se\/wp-content\/uploads\/2019\/03\/lulea-energirgb-300x106.jpg 300w, https:\/\/www.luleamakerspace.se\/wp-content\/uploads\/2019\/03\/lulea-energirgb-768x271.jpg 768w, https:\/\/www.luleamakerspace.se\/wp-content\/uploads\/2019\/03\/lulea-energirgb.jpg 2000w\" data-sizes=\"(max-width: 1024px) 100vw, 1024px\" src=\"data:image\/svg+xml;base64,PHN2ZyB3aWR0aD0iMSIgaGVpZ2h0PSIxIiB4bWxucz0iaHR0cDovL3d3dy53My5vcmcvMjAwMC9zdmciPjwvc3ZnPg==\" style=\"--smush-placeholder-width: 1024px; --smush-placeholder-aspect-ratio: 1024\/361;\" \/><\/a><\/figure>\n<\/div>\n\n<div class=\"wp-block-image\">\n<figure class=\"aligncenter size-full is-resized\"><a href=\"https:\/\/www.luleamakerspace.se\/wp-content\/uploads\/2023\/11\/LTU_sve_bla.jpg\"><img decoding=\"async\" width=\"440\" height=\"237\" data-src=\"https:\/\/www.luleamakerspace.se\/wp-content\/uploads\/2023\/11\/LTU_sve_bla.jpg\" alt=\"\" class=\"wp-image-1784 lazyload\" style=\"--smush-placeholder-width: 440px; --smush-placeholder-aspect-ratio: 440\/237;width:506px;height:auto\" data-srcset=\"https:\/\/www.luleamakerspace.se\/wp-content\/uploads\/2023\/11\/LTU_sve_bla.jpg 440w, https:\/\/www.luleamakerspace.se\/wp-content\/uploads\/2023\/11\/LTU_sve_bla-300x162.jpg 300w\" data-sizes=\"(max-width: 440px) 100vw, 440px\" src=\"data:image\/svg+xml;base64,PHN2ZyB3aWR0aD0iMSIgaGVpZ2h0PSIxIiB4bWxucz0iaHR0cDovL3d3dy53My5vcmcvMjAwMC9zdmciPjwvc3ZnPg==\" \/><\/a><\/figure>\n<\/div>\n\n\n<p class=\"wp-block-paragraph\"><br><br>Vill du att ditt f\u00f6retag ska syna h\u00e4r? H\u00f6r av dig till <a href=\"mailto:hej@luleamakerspace.se\">hej@luleamakerspace.se<\/a>. <\/p>\n\n\n\n<p class=\"wp-block-paragraph\"><\/p>\n","protected":false},"excerpt":{"rendered":"<p>Vi \u00e4r extra glad och tacksamma f\u00f6r det st\u00f6d vi f\u00e5r fr\u00e5n v\u00e5ra sponsorer och samarbetspartners. H\u00e4r \u00e4r de som st\u00f6ttar oss under 2023. Vill du att ditt f\u00f6retag ska syna h\u00e4r? H\u00f6r av dig till hej@luleamakerspace.se.<\/p>\n","protected":false},"author":1,"featured_media":0,"parent":7,"menu_order":0,"comment_status":"open","ping_status":"open","template":"","meta":{"_crdt_document":"","footnotes":""},"class_list":["post-9","page","type-page","status-publish","hentry"],"_links":{"self":[{"href":"https:\/\/www.luleamakerspace.se\/index.php?rest_route=\/wp\/v2\/pages\/9","targetHints":{"allow":["GET"]}}],"collection":[{"href":"https:\/\/www.luleamakerspace.se\/index.php?rest_route=\/wp\/v2\/pages"}],"about":[{"href":"https:\/\/www.luleamakerspace.se\/index.php?rest_route=\/wp\/v2\/types\/page"}],"author":[{"embeddable":true,"href":"https:\/\/www.luleamakerspace.se\/index.php?rest_route=\/wp\/v2\/users\/1"}],"replies":[{"embeddable":true,"href":"https:\/\/www.luleamakerspace.se\/index.php?rest_route=%2Fwp%2Fv2%2Fcomments&post=9"}],"version-history":[{"count":0,"href":"https:\/\/www.luleamakerspace.se\/index.php?rest_route=\/wp\/v2\/pages\/9\/revisions"}],"up":[{"embeddable":true,"href":"https:\/\/www.luleamakerspace.se\/index.php?rest_route=\/wp\/v2\/pages\/7"}],"wp:attachment":[{"href":"https:\/\/www.luleamakerspace.se\/index.php?rest_route=%2Fwp%2Fv2%2Fmedia&parent=9"}],"curies":[{"name":"wp","href":"https:\/\/api.w.org\/{rel}","templated":true}]}}