{"id":670,"date":"2018-08-22T10:44:35","date_gmt":"2018-08-22T08:44:35","guid":{"rendered":"http:\/\/www.luleamakerspace.se\/?page_id=670"},"modified":"2021-06-21T11:34:08","modified_gmt":"2021-06-21T09:34:08","slug":"utrustning-hos-lulea-makerspace","status":"publish","type":"page","link":"https:\/\/www.luleamakerspace.se\/?page_id=670","title":{"rendered":"Utrustning"},"content":{"rendered":"\n<p class=\"wp-block-paragraph\">H\u00e4r \u00e4r en liten lista p\u00e5 vilken utrustning vi har har hos Lule\u00e5 Makerspace.&nbsp;<\/p>\n\n\n\n<ul class=\"wp-block-list\"><li>Symaskin\u00a0<\/li><li>Brodyrmaskin, 6-n\u00e5lars <a href=\"https:\/\/www.brother-usa.com\/products\/pr650\">Brother Pr-650<\/a>\u00a0<\/li><li>Stickmaskin, Silver Reed SK840\u00a0<\/li><li>Lasersk\u00e4rare, <a href=\"https:\/\/glowforge.com\/\">Glowforge Pro<\/a>\u00a0<\/li><li>3D-skrivare fr\u00e5n\u00a0<a href=\"https:\/\/ultimaker.com\/\">Ultimaker<\/a><ul><li>Ultimaker 5S <\/li><li><a href=\"https:\/\/ultimaker.com\/en\/products\/ultimaker-3\">Ultimaker 3<\/a>\u00a0<\/li><li><a href=\"https:\/\/ultimaker.com\/en\/products\/ultimaker-2-plus\">Ultimaker 2 Plus<\/a> med Olson Block\u00a0<\/li><li><a href=\"https:\/\/ultimaker.com\/en\/resources\/manuals\/ultimaker-3d-printers\/ultimaker-2-go\">Ultimaker Go<\/a><\/li><\/ul><\/li><li>Sk\u00e4rmaskin <a href=\"https:\/\/home.cricut.com\/\">Cricut<\/a>\u00a0<\/li><li>3D-skrivare f\u00f6r finare detaljer <a rel=\"noreferrer noopener\" href=\"https:\/\/formlabs.com\/3d-printers\/form-2\/\" target=\"_blank\">Formlabs Form2<\/a> &#8211; <a href=\"\/?page_id=1452\">Instruktioner<\/a>. <\/li><li>Diverse robotar som g\u00e5r att programmera via datorer eller mobila enheter<ul><li>BlueBot\u00a0<\/li><li>Sphero<\/li><li>Arduinobaserade humanoids\u00a0<\/li><li>Meccano-humanoids byggsatser\u00a0\u00a0<\/li><li>Med flera&#8230;\u00a0<\/li><\/ul><\/li><li>Lego och Legov\u00e4gg\u00a0<\/li><li>P\u00e4rlor och p\u00e4rlplattor<\/li><li>Arduino och elektronikkomponenter och kit\u00a0<\/li><li>L\u00f6dstationer\u00a0<\/li><li>MakeyMakey och lera<\/li><li>Little Bits\u00a0<\/li><li>Varmluftspistol f\u00f6r att jobba med krympplast\u00a0<br><br><\/li><li>Litet k\u00f6k och fikarum\u00a0<\/li><li>Utrymme f\u00f6r att arbeta med sm\u00e5 och stora projekt samt lagringsplats f\u00f6r egna projekt\u00a0<\/li><\/ul>\n\n\n\n<p class=\"wp-block-paragraph\"><\/p>\n","protected":false},"excerpt":{"rendered":"<p>H\u00e4r \u00e4r en liten lista p\u00e5 vilken utrustning vi har har hos Lule\u00e5 Makerspace.&nbsp; Symaskin\u00a0 Brodyrmaskin, 6-n\u00e5lars Brother Pr-650\u00a0 Stickmaskin, Silver Reed SK840\u00a0 Lasersk\u00e4rare, Glowforge Pro\u00a0 3D-skrivare fr\u00e5n\u00a0Ultimaker Ultimaker 5S Ultimaker 3\u00a0 Ultimaker 2 Plus med Olson Block\u00a0 Ultimaker Go Sk\u00e4rmaskin Cricut\u00a0 3D-skrivare f\u00f6r finare detaljer Formlabs Form2 &#8211; Instruktioner. Diverse robotar som g\u00e5r att &hellip; <a href=\"https:\/\/www.luleamakerspace.se\/?page_id=670\" class=\"more-link\">Forts\u00e4tt l\u00e4sa <span class=\"screen-reader-text\">Utrustning<\/span> <span class=\"meta-nav\">&rarr;<\/span><\/a><\/p>\n","protected":false},"author":1,"featured_media":0,"parent":0,"menu_order":0,"comment_status":"closed","ping_status":"closed","template":"","meta":{"_crdt_document":"","footnotes":""},"class_list":["post-670","page","type-page","status-publish","hentry"],"_links":{"self":[{"href":"https:\/\/www.luleamakerspace.se\/index.php?rest_route=\/wp\/v2\/pages\/670","targetHints":{"allow":["GET"]}}],"collection":[{"href":"https:\/\/www.luleamakerspace.se\/index.php?rest_route=\/wp\/v2\/pages"}],"about":[{"href":"https:\/\/www.luleamakerspace.se\/index.php?rest_route=\/wp\/v2\/types\/page"}],"author":[{"embeddable":true,"href":"https:\/\/www.luleamakerspace.se\/index.php?rest_route=\/wp\/v2\/users\/1"}],"replies":[{"embeddable":true,"href":"https:\/\/www.luleamakerspace.se\/index.php?rest_route=%2Fwp%2Fv2%2Fcomments&post=670"}],"version-history":[{"count":0,"href":"https:\/\/www.luleamakerspace.se\/index.php?rest_route=\/wp\/v2\/pages\/670\/revisions"}],"wp:attachment":[{"href":"https:\/\/www.luleamakerspace.se\/index.php?rest_route=%2Fwp%2Fv2%2Fmedia&parent=670"}],"curies":[{"name":"wp","href":"https:\/\/api.w.org\/{rel}","templated":true}]}}