{"id":426,"date":"2017-10-02T16:59:58","date_gmt":"2017-10-02T14:59:58","guid":{"rendered":"http:\/\/www.luleamakerspace.se\/?page_id=426"},"modified":"2023-09-27T09:17:40","modified_gmt":"2023-09-27T07:17:40","slug":"egen-nyckel","status":"publish","type":"page","link":"https:\/\/www.luleamakerspace.se\/?page_id=426","title":{"rendered":"Egen nyckel till lokalen"},"content":{"rendered":"<p>Vill du ha en egen nyckel till lokalen?<\/p>\n<p>Alla aktiva medlemmar kan ans\u00f6ka om att f\u00e5 ha en egen nyckel. Kostnaden \u00e4r 350:- i pant som man f\u00e5r tillbaka n\u00e4r man returnerar nyckeln. OBS r\u00e4tten till \u00e5terbetalning av depositionsavgiften f\u00f6rsvinner 6 m\u00e5nader efter att medlemskap har avslutats, aktivt eller att du inte betalat in medlemsavgiften.\u00a0<\/p>\n<p>Intresserade kan anm\u00e4la sig <a href=\"https:\/\/goo.gl\/forms\/DN7TdnzbmbLhWJXi2\">h\u00e4r\u00a0<\/a><span class=\"text_exposed_show\">och h\u00e4r hittar ni <a href=\"https:\/\/docs.google.com\/document\/d\/1kced0QWERB-GZ5Lh2FAJRJ3sBnQoqYZ74tuki_1fdSM\">tillh\u00f6rande regler.<\/a><\/span><\/p>\n<div class=\"text_exposed_show\">\n<p>Ett stort tack till <a href=\"https:\/\/www.certego.se\/\">Certego<\/a> som sponsrar delar av l\u00e5sets installation!<\/p>\n<\/div>\n\n\n<p class=\"wp-block-paragraph\">Vill du sedan l\u00e4mna tillbaka nyckeln s\u00e5 kan du g\u00f6ra det vid ett event i lokalen, l\u00e4mna p\u00e5 Lustigbacken 3, Gammelstad eller skicka till v\u00e5r administrativa adress nedan. OBS vi tar inget ansvar f\u00f6r postg\u00e5ngen. Efter att nyckeln har mottagits s\u00e5 sker \u00e5terbetalning inom kort. Meddela att du l\u00e4mnat nyckeln och bankkonto till hej@luleamakerspace.se.  <br><br>Lule\u00e5 Makerspace<br>c\/o Peter Parnes <br>Lustigbacken 3 <br>954 33 Lule\u00e5 <br><br><br><\/p>\n","protected":false},"excerpt":{"rendered":"<p>Vill du ha en egen nyckel till lokalen? Alla aktiva medlemmar kan ans\u00f6ka om att f\u00e5 ha en egen nyckel. Kostnaden \u00e4r 350:- i pant som man f\u00e5r tillbaka n\u00e4r man returnerar nyckeln. OBS r\u00e4tten till \u00e5terbetalning av depositionsavgiften f\u00f6rsvinner 6 m\u00e5nader efter att medlemskap har avslutats, aktivt eller att du inte betalat in medlemsavgiften.\u00a0 &hellip; <a href=\"https:\/\/www.luleamakerspace.se\/?page_id=426\" class=\"more-link\">Forts\u00e4tt l\u00e4sa <span class=\"screen-reader-text\">Egen nyckel till lokalen<\/span> <span class=\"meta-nav\">&rarr;<\/span><\/a><\/p>\n","protected":false},"author":1,"featured_media":0,"parent":13,"menu_order":0,"comment_status":"closed","ping_status":"closed","template":"","meta":{"_crdt_document":"","footnotes":""},"class_list":["post-426","page","type-page","status-publish","hentry"],"_links":{"self":[{"href":"https:\/\/www.luleamakerspace.se\/index.php?rest_route=\/wp\/v2\/pages\/426","targetHints":{"allow":["GET"]}}],"collection":[{"href":"https:\/\/www.luleamakerspace.se\/index.php?rest_route=\/wp\/v2\/pages"}],"about":[{"href":"https:\/\/www.luleamakerspace.se\/index.php?rest_route=\/wp\/v2\/types\/page"}],"author":[{"embeddable":true,"href":"https:\/\/www.luleamakerspace.se\/index.php?rest_route=\/wp\/v2\/users\/1"}],"replies":[{"embeddable":true,"href":"https:\/\/www.luleamakerspace.se\/index.php?rest_route=%2Fwp%2Fv2%2Fcomments&post=426"}],"version-history":[{"count":0,"href":"https:\/\/www.luleamakerspace.se\/index.php?rest_route=\/wp\/v2\/pages\/426\/revisions"}],"up":[{"embeddable":true,"href":"https:\/\/www.luleamakerspace.se\/index.php?rest_route=\/wp\/v2\/pages\/13"}],"wp:attachment":[{"href":"https:\/\/www.luleamakerspace.se\/index.php?rest_route=%2Fwp%2Fv2%2Fmedia&parent=426"}],"curies":[{"name":"wp","href":"https:\/\/api.w.org\/{rel}","templated":true}]}}