{"id":16,"date":"2015-07-06T14:52:26","date_gmt":"2015-07-06T12:52:26","guid":{"rendered":"http:\/\/www.luleamakerspace.se\/?page_id=16"},"modified":"2019-01-09T15:15:29","modified_gmt":"2019-01-09T14:15:29","slug":"kontakt","status":"publish","type":"page","link":"https:\/\/www.luleamakerspace.se\/?page_id=16","title":{"rendered":"Kontakt"},"content":{"rendered":"<p>F\u00f6reningen\u00a0har sina lokaler p\u00e5 Sandviksgatan 20\u00a0i Lule\u00e5<\/p>\n<p>\u00d6ppna Makerkv\u00e4llar och evenemang utannonseras p\u00e5 v\u00e5r Facebooksida.<\/p>\n<p>F\u00f6r fr\u00e5gor om f\u00f6reningen kontakta oss p\u00e5\u00a0<a href=\"mailto:hej@luleamakerspace.se\">hej@luleamakerspace.se<\/a>\u00a0eller ring Peter p\u00e5 070-2392995.\u00a0<\/p>\n<p>F\u00f6lj oss p\u00e5 <a href=\"https:\/\/www.facebook.com\/luleamakerspace\/\">Facebook<\/a>!\u00a0<\/p>\n<p>Organisationsnummer:<span class=\"organisation__number\">\u00a0802475-8313<\/span><\/p>\n<div class=\"monitor__btn\">\u00a0<\/div>\n\n\n<p class=\"wp-block-paragraph\"><\/p>\n","protected":false},"excerpt":{"rendered":"<p>F\u00f6reningen\u00a0har sina lokaler p\u00e5 Sandviksgatan 20\u00a0i Lule\u00e5 \u00d6ppna Makerkv\u00e4llar och evenemang utannonseras p\u00e5 v\u00e5r Facebooksida. F\u00f6r fr\u00e5gor om f\u00f6reningen kontakta oss p\u00e5\u00a0hej@luleamakerspace.se\u00a0eller ring Peter p\u00e5 070-2392995.\u00a0 F\u00f6lj oss p\u00e5 Facebook!\u00a0 Organisationsnummer:\u00a0802475-8313 \u00a0<\/p>\n","protected":false},"author":1,"featured_media":0,"parent":7,"menu_order":2,"comment_status":"open","ping_status":"open","template":"","meta":{"_crdt_document":"","footnotes":""},"class_list":["post-16","page","type-page","status-publish","hentry"],"_links":{"self":[{"href":"https:\/\/www.luleamakerspace.se\/index.php?rest_route=\/wp\/v2\/pages\/16","targetHints":{"allow":["GET"]}}],"collection":[{"href":"https:\/\/www.luleamakerspace.se\/index.php?rest_route=\/wp\/v2\/pages"}],"about":[{"href":"https:\/\/www.luleamakerspace.se\/index.php?rest_route=\/wp\/v2\/types\/page"}],"author":[{"embeddable":true,"href":"https:\/\/www.luleamakerspace.se\/index.php?rest_route=\/wp\/v2\/users\/1"}],"replies":[{"embeddable":true,"href":"https:\/\/www.luleamakerspace.se\/index.php?rest_route=%2Fwp%2Fv2%2Fcomments&post=16"}],"version-history":[{"count":0,"href":"https:\/\/www.luleamakerspace.se\/index.php?rest_route=\/wp\/v2\/pages\/16\/revisions"}],"up":[{"embeddable":true,"href":"https:\/\/www.luleamakerspace.se\/index.php?rest_route=\/wp\/v2\/pages\/7"}],"wp:attachment":[{"href":"https:\/\/www.luleamakerspace.se\/index.php?rest_route=%2Fwp%2Fv2%2Fmedia&parent=16"}],"curies":[{"name":"wp","href":"https:\/\/api.w.org\/{rel}","templated":true}]}}