{"id":1452,"date":"2021-06-21T11:31:18","date_gmt":"2021-06-21T09:31:18","guid":{"rendered":"http:\/\/www.luleamakerspace.se\/?page_id=1452"},"modified":"2021-07-05T12:31:59","modified_gmt":"2021-07-05T10:31:59","slug":"formlabs-form2","status":"publish","type":"page","link":"https:\/\/www.luleamakerspace.se\/?page_id=1452","title":{"rendered":"Formlabs Form2"},"content":{"rendered":"\n<div class=\"wp-block-image\"><figure class=\"aligncenter size-large is-resized\"><a href=\"http:\/\/www.luleamakerspace.se\/wp-content\/uploads\/2021\/06\/Form-2-printer-three-quarters-Hart-scaled.jpg\"><img decoding=\"async\" data-src=\"http:\/\/www.luleamakerspace.se\/wp-content\/uploads\/2021\/06\/Form-2-printer-three-quarters-Hart-712x1024.jpg\" alt=\"\" class=\"wp-image-1476 lazyload\" width=\"281\" height=\"403\" data-srcset=\"https:\/\/www.luleamakerspace.se\/wp-content\/uploads\/2021\/06\/Form-2-printer-three-quarters-Hart-712x1024.jpg 712w, https:\/\/www.luleamakerspace.se\/wp-content\/uploads\/2021\/06\/Form-2-printer-three-quarters-Hart-209x300.jpg 209w, https:\/\/www.luleamakerspace.se\/wp-content\/uploads\/2021\/06\/Form-2-printer-three-quarters-Hart-768x1104.jpg 768w, https:\/\/www.luleamakerspace.se\/wp-content\/uploads\/2021\/06\/Form-2-printer-three-quarters-Hart-1068x1536.jpg 1068w, https:\/\/www.luleamakerspace.se\/wp-content\/uploads\/2021\/06\/Form-2-printer-three-quarters-Hart-1424x2048.jpg 1424w, https:\/\/www.luleamakerspace.se\/wp-content\/uploads\/2021\/06\/Form-2-printer-three-quarters-Hart-scaled.jpg 1781w\" data-sizes=\"(max-width: 281px) 100vw, 281px\" src=\"data:image\/svg+xml;base64,PHN2ZyB3aWR0aD0iMSIgaGVpZ2h0PSIxIiB4bWxucz0iaHR0cDovL3d3dy53My5vcmcvMjAwMC9zdmciPjwvc3ZnPg==\" style=\"--smush-placeholder-width: 281px; --smush-placeholder-aspect-ratio: 281\/403;\" \/><\/a><figcaption>Formlabs Form2<\/figcaption><\/figure><\/div>\n\n\n\n<p class=\"wp-block-paragraph\">Lule\u00e5 Makerspace har en <a rel=\"noreferrer noopener\" href=\"https:\/\/formlabs.com\/3d-printers\/form-2\/\" target=\"_blank\">Formlabs Form2<\/a> 3D-skrivare. Detta \u00e4r en skrivare f\u00f6r att prim\u00e4rt skriva ut sm\u00e5 objekt med h\u00f6g kvalitet och sl\u00e4ta ytor.  Denna maskin skriver ut genom att lysa med laser in i en beh\u00e5llare med flytande plats som stelnar d\u00e4r laserstr\u00e5len fokuseras, s\u00e5 kallad stereolitografi. <\/p>\n\n\n\n<p class=\"wp-block-paragraph\">Maskinen \u00e4r mycket \u00f6mt\u00e5lig och du ska verkligen fundera p\u00e5 om du k\u00e4nner dig bekv\u00e4m med att anv\u00e4nda den. Det \u00e4r flytande plast som om den hamnar p\u00e5 fel st\u00e4lle f\u00f6rst\u00f6r hela maskinen. <br><br>L\u00e4s igenom dessa instruktioner noga innan du b\u00f6rjar anv\u00e4nda maskinen. Innan du kan b\u00f6rja anv\u00e4nda maskinen beh\u00f6ver du ett konto online (i <a href=\"https:\/\/formlabs.com\/dashboard\/#login\" target=\"_blank\" rel=\"noreferrer noopener\">Dashboard<\/a>) och det f\u00e5r du genom att maila <a rel=\"noreferrer noopener\" href=\"mailto:hej@luleamakerspace.se\" target=\"_blank\">hej@luleamakerspace.se<\/a> n\u00e4r du k\u00e4nner dig redo. <\/p>\n\n\n\n<p class=\"wp-block-paragraph\">Kostnaden f\u00f6r att skriva ut i skrivaren \u00e4r 20 SEK per cl + plus 2.50 i Swish-avgift. Mjukvaran visar hur stor volym print \u00e4r. Betala via bankgiro 213-4237 eller Swish 1234965851. <\/p>\n\n\n\n<div class=\"wp-block-image\"><figure class=\"aligncenter size-large\"><a href=\"http:\/\/www.luleamakerspace.se\/wp-content\/uploads\/2021\/06\/Robot.jpg\"><img decoding=\"async\" width=\"1024\" height=\"680\" data-src=\"http:\/\/www.luleamakerspace.se\/wp-content\/uploads\/2021\/06\/Robot-1024x680.jpg\" alt=\"\" class=\"wp-image-1470 lazyload\" data-srcset=\"https:\/\/www.luleamakerspace.se\/wp-content\/uploads\/2021\/06\/Robot-1024x680.jpg 1024w, https:\/\/www.luleamakerspace.se\/wp-content\/uploads\/2021\/06\/Robot-300x199.jpg 300w, https:\/\/www.luleamakerspace.se\/wp-content\/uploads\/2021\/06\/Robot-768x510.jpg 768w, https:\/\/www.luleamakerspace.se\/wp-content\/uploads\/2021\/06\/Robot-1536x1020.jpg 1536w, https:\/\/www.luleamakerspace.se\/wp-content\/uploads\/2021\/06\/Robot.jpg 2048w\" data-sizes=\"(max-width: 1024px) 100vw, 1024px\" src=\"data:image\/svg+xml;base64,PHN2ZyB3aWR0aD0iMSIgaGVpZ2h0PSIxIiB4bWxucz0iaHR0cDovL3d3dy53My5vcmcvMjAwMC9zdmciPjwvc3ZnPg==\" style=\"--smush-placeholder-width: 1024px; --smush-placeholder-aspect-ratio: 1024\/680;\" \/><\/a><figcaption>Printad robot.<\/figcaption><\/figure><\/div>\n\n\n\n<h2 class=\"wp-block-heading\">Utrustning <\/h2>\n\n\n\n<ul class=\"wp-block-list\"><li><a rel=\"noreferrer noopener\" href=\"https:\/\/formlabs.com\/3d-printers\/form-2\/\" target=\"_blank\">Form2<\/a> &#8211; skrivaren <\/li><li><a rel=\"noreferrer noopener\" href=\"https:\/\/formlabs.com\/eu\/post-processing\/wash-cure\/\" target=\"_blank\">Wash <\/a>&#8211; tv\u00e4tt f\u00f6r att tv\u00e4tta prints. <\/li><li><a rel=\"noreferrer noopener\" href=\"https:\/\/formlabs.com\/eu\/post-processing\/wash-cure\/\" target=\"_blank\">Cure<\/a> &#8211; h\u00e4rdare f\u00f6r att g\u00f6ra det printade med h\u00e5llbart. <\/li><li>Tv\u00e4tt- och hanteringsstation &#8211; h\u00e4r kan du tv\u00e4tta manuellt och jobba med din print. <\/li><\/ul>\n\n\n\n<h2 class=\"wp-block-heading\">Snabba instruktioner<\/h2>\n\n\n\n<ol class=\"wp-block-list\"><li>S\u00e4tt p\u00e5 maskinen. <\/li><li>\u00d6ppna ventilen p\u00e5 v\u00e4tskebeh\u00e5llaren. <\/li><li>Ta bort locket f\u00f6r karet. <\/li><li>F\u00f6rbered din modell i PreForm och ladda upp. <\/li><li>Starta din printning. <\/li><li>N\u00e4r den \u00e4r klar. St\u00e4ng ventilen p\u00e5 v\u00e4tskebeh\u00e5llaren, st\u00e4ng huven och s\u00e4tt p\u00e5 locket p\u00e5 karet.<\/li><li>Flytta \u00f6ver den printade modellen till tv\u00e4ttkaret och tv\u00e4tta i 10 minuter.<\/li><li>Ta bort printen fr\u00e5n printb\u00e4dden. St\u00e4dda printb\u00e4dden. <\/li><li>Klipp bort att alla st\u00f6d p\u00e5 printen.  <\/li><li>Ta loss det printade fr\u00e5n printplattformen och s\u00e4tt in i h\u00e4rdaren och h\u00e4rda 30-60 minuter i 60 grader. <\/li><li>St\u00e4da efter dig. Anv\u00e4nd sprit f\u00f6r att tv\u00e4tta bort printv\u00e4tska om det beh\u00f6vs. <\/li><li>St\u00e4ng av alla maskiner. Sj\u00e4lva skrivaren st\u00e4nger du av genom att h\u00e5lla knappen intryckt n\u00e5gra sekunder. <\/li><\/ol>\n\n\n\n<h2 class=\"wp-block-heading\">Utf\u00f6rligare instruktioner<\/h2>\n\n\n\n<p class=\"wp-block-paragraph\">H\u00e4r hittar ni instruktioner f\u00f6r hur skrivaren b\u00f6r anv\u00e4ndas.<\/p>\n\n\n\n<h2 class=\"wp-block-heading\">Mjukvara<\/h2>\n\n\n\n<p class=\"wp-block-paragraph\">F\u00f6r att skriva ut beh\u00f6ver du <a rel=\"noreferrer noopener\" href=\"https:\/\/formlabs.com\/eu\/software\/#preform\" target=\"_blank\">ladda ner mjukvaran PreForm<\/a> (Windows eller Mac). I denna mjukvara laddar du in din modell och f\u00f6ljer instruktionerna d\u00e4r. N\u00e4r du laddar ner mjukvaran s\u00e5 kan du v\u00e4lja skrivare automatisk om du \u00e4r i spacet eller manuellt uppe till h\u00f6ger. V\u00e4lj Form 2. H\u00e4r hittar du <a rel=\"noreferrer noopener\" href=\"https:\/\/support.formlabs.com\/s\/article\/PreForm?language=en_US\" target=\"_blank\">instruktionsfilmer<\/a> f\u00f6r hur du anv\u00e4nder PreForm.<\/p>\n\n\n\n<p class=\"wp-block-paragraph\">Du kan v\u00e4lja kvalitet i 3 steg: 100 mikron, 50 och 25 d\u00e4r den senare st\u00e4ller extra krav p\u00e5 hur modellen ser ut. Vill du ha bra kvalitet p\u00e5 din utskrift s\u00e5 kommer du l\u00e5ngt med 50 mikron men experimentera g\u00e4rna. <\/p>\n\n\n\n<p class=\"wp-block-paragraph\">Printa alltid med st\u00f6d. Printar du en platt yta i din modell direkt mot printb\u00e4dden s\u00e5 kommer den att sitta fast mycket h\u00e5rt. <\/p>\n\n\n\n<div class=\"wp-block-image\"><figure class=\"aligncenter size-large\"><a href=\"http:\/\/www.luleamakerspace.se\/wp-content\/uploads\/2021\/06\/print-i-PreForm-scaled.jpg\"><img decoding=\"async\" width=\"1024\" height=\"768\" data-src=\"http:\/\/www.luleamakerspace.se\/wp-content\/uploads\/2021\/06\/print-i-PreForm-1024x768.jpg\" alt=\"\" class=\"wp-image-1469 lazyload\" data-srcset=\"https:\/\/www.luleamakerspace.se\/wp-content\/uploads\/2021\/06\/print-i-PreForm-1024x768.jpg 1024w, https:\/\/www.luleamakerspace.se\/wp-content\/uploads\/2021\/06\/print-i-PreForm-300x225.jpg 300w, https:\/\/www.luleamakerspace.se\/wp-content\/uploads\/2021\/06\/print-i-PreForm-768x576.jpg 768w, https:\/\/www.luleamakerspace.se\/wp-content\/uploads\/2021\/06\/print-i-PreForm-1536x1152.jpg 1536w, https:\/\/www.luleamakerspace.se\/wp-content\/uploads\/2021\/06\/print-i-PreForm-2048x1536.jpg 2048w\" data-sizes=\"(max-width: 1024px) 100vw, 1024px\" src=\"data:image\/svg+xml;base64,PHN2ZyB3aWR0aD0iMSIgaGVpZ2h0PSIxIiB4bWxucz0iaHR0cDovL3d3dy53My5vcmcvMjAwMC9zdmciPjwvc3ZnPg==\" style=\"--smush-placeholder-width: 1024px; --smush-placeholder-aspect-ratio: 1024\/768;\" \/><\/a><figcaption>Modell med st\u00f6d. <\/figcaption><\/figure><\/div>\n\n\n\n<h2 class=\"wp-block-heading\">F\u00e4rger<\/h2>\n\n\n\n<p class=\"wp-block-paragraph\">F\u00f6r att byta f\u00e4rg s\u00e5 m\u00e5ste du byta beh\u00e5llare (en platt flaska) och s\u00e4tta i motsvarande kar. Spacet har idag tv\u00e5 kar vilket g\u00f6r att vi kan byta enkelt mellan tv\u00e5 f\u00e4rger. Vill du anv\u00e4nda en annan f\u00e4rg \u00e4n de som \u00e4r &#8221;laddade&#8221; s\u00e5 h\u00f6r av dig d\u00e5 det blir ganska mycket sl\u00f6seri av printv\u00e4tska d\u00e5 karen m\u00e5ste tv\u00e4ttas. Vi har vit, svart och genomskinlig i spacet. <\/p>\n\n\n\n<h2 class=\"wp-block-heading\">Printa<\/h2>\n\n\n\n<p class=\"wp-block-paragraph\">N\u00e4r du har f\u00f6rberett din modell och \u00e4r redo att printa s\u00e5 ladda upp den fr\u00e5n PreForm. H\u00e4r m\u00e5ste du logga in med ditt konto innan du kan starta. Innan du starta printing s\u00e5 \u00f6ppna ventilen \u00f6verst p\u00e5 flaskan samt kolla att f\u00e4rgen p\u00e5 v\u00e4tskan matchar f\u00e4rgen i karet. <\/p>\n\n\n\n<div class=\"wp-block-image\"><figure class=\"aligncenter size-large\"><a href=\"http:\/\/www.luleamakerspace.se\/wp-content\/uploads\/2021\/06\/ventilForm-scaled.jpg\"><img decoding=\"async\" width=\"1024\" height=\"768\" data-src=\"http:\/\/www.luleamakerspace.se\/wp-content\/uploads\/2021\/06\/ventilForm-1024x768.jpg\" alt=\"\" class=\"wp-image-1465 lazyload\" data-srcset=\"https:\/\/www.luleamakerspace.se\/wp-content\/uploads\/2021\/06\/ventilForm-1024x768.jpg 1024w, https:\/\/www.luleamakerspace.se\/wp-content\/uploads\/2021\/06\/ventilForm-300x225.jpg 300w, https:\/\/www.luleamakerspace.se\/wp-content\/uploads\/2021\/06\/ventilForm-768x576.jpg 768w, https:\/\/www.luleamakerspace.se\/wp-content\/uploads\/2021\/06\/ventilForm-1536x1152.jpg 1536w, https:\/\/www.luleamakerspace.se\/wp-content\/uploads\/2021\/06\/ventilForm-2048x1536.jpg 2048w\" data-sizes=\"(max-width: 1024px) 100vw, 1024px\" src=\"data:image\/svg+xml;base64,PHN2ZyB3aWR0aD0iMSIgaGVpZ2h0PSIxIiB4bWxucz0iaHR0cDovL3d3dy53My5vcmcvMjAwMC9zdmciPjwvc3ZnPg==\" style=\"--smush-placeholder-width: 1024px; --smush-placeholder-aspect-ratio: 1024\/768;\" \/><\/a><figcaption>Ventil p\u00e5 flaskan. Kan vara skruv eller kn\u00e4pplock. <\/figcaption><\/figure><\/div>\n\n\n\n<p class=\"wp-block-paragraph\">Det tar en ganska l\u00e5ng stund f\u00f6r maskinen att v\u00e4rma upp sig och beroende p\u00e5 hur stor din printing \u00e4r s\u00e5 tar det olika l\u00e5ng tid att printa, flera timmar antagligen. <\/p>\n\n\n\n<p class=\"wp-block-paragraph\">N\u00e4r printing \u00e4r klar s\u00e5 st\u00e4ng ventilen p\u00e5 flaskan igen.  <\/p>\n\n\n\n<div class=\"wp-block-image\"><figure class=\"aligncenter size-large\"><a href=\"http:\/\/www.luleamakerspace.se\/wp-content\/uploads\/2021\/06\/Print-med-stod-scaled.jpg\"><img decoding=\"async\" width=\"1024\" height=\"768\" data-src=\"http:\/\/www.luleamakerspace.se\/wp-content\/uploads\/2021\/06\/Print-med-stod-1024x768.jpg\" alt=\"\" class=\"wp-image-1467 lazyload\" data-srcset=\"https:\/\/www.luleamakerspace.se\/wp-content\/uploads\/2021\/06\/Print-med-stod-1024x768.jpg 1024w, https:\/\/www.luleamakerspace.se\/wp-content\/uploads\/2021\/06\/Print-med-stod-300x225.jpg 300w, https:\/\/www.luleamakerspace.se\/wp-content\/uploads\/2021\/06\/Print-med-stod-768x576.jpg 768w, https:\/\/www.luleamakerspace.se\/wp-content\/uploads\/2021\/06\/Print-med-stod-1536x1152.jpg 1536w, https:\/\/www.luleamakerspace.se\/wp-content\/uploads\/2021\/06\/Print-med-stod-2048x1536.jpg 2048w\" data-sizes=\"(max-width: 1024px) 100vw, 1024px\" src=\"data:image\/svg+xml;base64,PHN2ZyB3aWR0aD0iMSIgaGVpZ2h0PSIxIiB4bWxucz0iaHR0cDovL3d3dy53My5vcmcvMjAwMC9zdmciPjwvc3ZnPg==\" style=\"--smush-placeholder-width: 1024px; --smush-placeholder-aspect-ratio: 1024\/768;\" \/><\/a><figcaption>Print med st\u00f6d. <\/figcaption><\/figure><\/div>\n\n\n\n<h2 class=\"wp-block-heading\">Tv\u00e4tta <\/h2>\n\n\n\n<p class=\"wp-block-paragraph\">N\u00e4r printen \u00e4r klar s\u00e5 ta loss printb\u00e4dden och putta f\u00f6rsiktigt ned \u00f6verbliven v\u00e4tska ner i karet s\u00e5 vi inte sl\u00f6sar s\u00e5 mycket. <\/p>\n\n\n\n<p class=\"wp-block-paragraph\">St\u00e4ng huven s\u00e5 det inte kommer skr\u00e4p ner i karet. <\/p>\n\n\n\n<p class=\"wp-block-paragraph\">Flytta \u00f6ver printb\u00e4dden och printen till tv\u00e4ttmaskinen. <a rel=\"noreferrer noopener\" href=\"https:\/\/support.formlabs.com\/s\/article\/Using-Form-Wash\" target=\"_blank\">H\u00e4r hittar du instruktioner och film<\/a>. Alternativt kan du tv\u00e4tta den manuellt i den manuella tv\u00e4ttstationen vid vasken och ta loss den samtidigt (se nedan). Ett tredje alternativ \u00e4r att ta loss printen och tv\u00e4tta den i korgen i tv\u00e4ttmaskinen ist\u00e4llet.<\/p>\n\n\n\n<p class=\"wp-block-paragraph\">Tv\u00e4ttmaskinen k\u00f6rs i 10 minuter. <\/p>\n\n\n\n<p class=\"wp-block-paragraph\">Det finns en flaska med alkohol vid vasken f\u00f6r att tv\u00e4tta med och flera tv\u00e4ttkar.   <\/p>\n\n\n\n<h2 class=\"wp-block-heading\">Ta loss printen<\/h2>\n\n\n\n<p class=\"wp-block-paragraph\">Printen sitter fast i sj\u00e4lva printb\u00e4dden och sitter fast v\u00e4ldigt h\u00e5rt s\u00e5 du f\u00e5r ta i och eventuellt banka lite med verktygen vid vasken. Se till printb\u00e4dden \u00e4r ren fr\u00e5n b\u00e5de printv\u00e4tska och printrester. <\/p>\n\n\n\n<h2 class=\"wp-block-heading\">Klipp bort st\u00f6d <\/h2>\n\n\n\n<p class=\"wp-block-paragraph\">Klipp nu bort bort allt st\u00f6d fr\u00e5n din print. Detta \u00e4r pilligt och tar ett tag beroende p\u00e5 din modell.  <\/p>\n\n\n\n<h2 class=\"wp-block-heading\">H\u00e4rda<\/h2>\n\n\n\n<p class=\"wp-block-paragraph\">N\u00e4r du tv\u00e4ttat s\u00e5 ta bort din print fr\u00e5n printb\u00e4dden och stoppa in den h\u00e4rdaren. <a rel=\"noreferrer noopener\" href=\"https:\/\/support.formlabs.com\/s\/article\/Using-Form-Cure\" target=\"_blank\">H\u00e4r hittar du instruktioner och film<\/a>. <br><br>H\u00e4rdning tar 30 till 60 minuter och temperaturen ska vara 60 grader.<\/p>\n\n\n\n<div class=\"wp-block-image\"><figure class=\"aligncenter size-large\"><a href=\"http:\/\/www.luleamakerspace.se\/wp-content\/uploads\/2021\/06\/Hardning-scaled.jpg\"><img decoding=\"async\" width=\"1024\" height=\"768\" data-src=\"http:\/\/www.luleamakerspace.se\/wp-content\/uploads\/2021\/06\/Hardning-1024x768.jpg\" alt=\"\" class=\"wp-image-1468 lazyload\" data-srcset=\"https:\/\/www.luleamakerspace.se\/wp-content\/uploads\/2021\/06\/Hardning-1024x768.jpg 1024w, https:\/\/www.luleamakerspace.se\/wp-content\/uploads\/2021\/06\/Hardning-300x225.jpg 300w, https:\/\/www.luleamakerspace.se\/wp-content\/uploads\/2021\/06\/Hardning-768x576.jpg 768w, https:\/\/www.luleamakerspace.se\/wp-content\/uploads\/2021\/06\/Hardning-1536x1152.jpg 1536w, https:\/\/www.luleamakerspace.se\/wp-content\/uploads\/2021\/06\/Hardning-2048x1536.jpg 2048w\" data-sizes=\"(max-width: 1024px) 100vw, 1024px\" src=\"data:image\/svg+xml;base64,PHN2ZyB3aWR0aD0iMSIgaGVpZ2h0PSIxIiB4bWxucz0iaHR0cDovL3d3dy53My5vcmcvMjAwMC9zdmciPjwvc3ZnPg==\" style=\"--smush-placeholder-width: 1024px; --smush-placeholder-aspect-ratio: 1024\/768;\" \/><\/a><figcaption>H\u00e4rdning av modell och \u00e4ven delar av st\u00f6det f\u00f6r skoj skull. <\/figcaption><\/figure><\/div>\n\n\n\n<h2 class=\"wp-block-heading\">F\u00e4rdig<\/h2>\n\n\n\n<p class=\"wp-block-paragraph\"><\/p>\n\n\n\n<div class=\"wp-block-image\"><figure class=\"aligncenter size-large\"><a href=\"http:\/\/www.luleamakerspace.se\/wp-content\/uploads\/2021\/06\/Fardig-print-scaled.jpg\"><img decoding=\"async\" width=\"1024\" height=\"768\" data-src=\"http:\/\/www.luleamakerspace.se\/wp-content\/uploads\/2021\/06\/Fardig-print-1024x768.jpg\" alt=\"\" class=\"wp-image-1471 lazyload\" data-srcset=\"https:\/\/www.luleamakerspace.se\/wp-content\/uploads\/2021\/06\/Fardig-print-1024x768.jpg 1024w, https:\/\/www.luleamakerspace.se\/wp-content\/uploads\/2021\/06\/Fardig-print-300x225.jpg 300w, https:\/\/www.luleamakerspace.se\/wp-content\/uploads\/2021\/06\/Fardig-print-768x576.jpg 768w, https:\/\/www.luleamakerspace.se\/wp-content\/uploads\/2021\/06\/Fardig-print-1536x1152.jpg 1536w, https:\/\/www.luleamakerspace.se\/wp-content\/uploads\/2021\/06\/Fardig-print-2048x1536.jpg 2048w\" data-sizes=\"(max-width: 1024px) 100vw, 1024px\" src=\"data:image\/svg+xml;base64,PHN2ZyB3aWR0aD0iMSIgaGVpZ2h0PSIxIiB4bWxucz0iaHR0cDovL3d3dy53My5vcmcvMjAwMC9zdmciPjwvc3ZnPg==\" style=\"--smush-placeholder-width: 1024px; --smush-placeholder-aspect-ratio: 1024\/768;\" \/><\/a><figcaption>F\u00e4rdig print med st\u00f6dmaterial bredvid. <\/figcaption><\/figure><\/div>\n\n\n\n<h2 class=\"wp-block-heading\">St\u00e4da efter dig <\/h2>\n\n\n\n<p class=\"wp-block-paragraph\">Sj\u00e4lvklart s\u00e5 st\u00e4dar du efter dig n\u00e4r du \u00e4r klar samt st\u00e4nger av alla maskiner. Har du spillt och st\u00e4nkt p\u00e5 golvet och runt vasken s\u00e5 st\u00e4da! <\/p>\n\n\n\n<p class=\"wp-block-paragraph\">OBS anv\u00e4nd sprit f\u00f6r att st\u00e4da bort printv\u00e4tska om det beh\u00f6vs.<\/p>\n\n\n\n<p class=\"wp-block-paragraph\">Gl\u00f6m inte att betala enligt instruktionerna \u00f6verst. <\/p>\n\n\n\n<p class=\"wp-block-paragraph\">Har du f\u00f6rslag eller kommentarer om denna introduktion s\u00e5 h\u00f6r av dig till <a href=\"mailto:hej@luleamakerspace.se\" target=\"_blank\" rel=\"noreferrer noopener\">hej@luleamakerspace.se<\/a>. <\/p>\n\n\n\n<h2 class=\"wp-block-heading\">\u00d6vrigt<\/h2>\n\n\n\n<p class=\"wp-block-paragraph\"><a rel=\"noreferrer noopener\" href=\"https:\/\/support.formlabs.com\/s\/topic\/0TO1Y000000IvrUWAS\/form-2\" target=\"_blank\">Supportsida f\u00f6r Form2<\/a>. H\u00e4r hittar du m\u00e5nga bra filmer. <\/p>\n\n\n\n<p class=\"wp-block-paragraph\"><a href=\"https:\/\/support.formlabs.com\/s\/topic\/0TO1Y000000Iw01WAC\/faq\" target=\"_blank\" rel=\"noreferrer noopener\">FAQ<\/a> hos Formlabs. <\/p>\n\n\n\n<p class=\"wp-block-paragraph\">Lycka till! \/Lule\u00e5 Makerspace<\/p>\n\n\n\n<h2 class=\"wp-block-heading\">\u00c4ndringar av dessa instruktioner<\/h2>\n\n\n\n<ul class=\"wp-block-list\"><li>210705: Uppdatering g\u00e4llande st\u00e4dning med sprit och st\u00e4nga huven. <\/li><li>210621: Initial version. <\/li><\/ul>\n\n\n\n<p class=\"wp-block-paragraph\"><\/p>\n","protected":false},"excerpt":{"rendered":"<p>Lule\u00e5 Makerspace har en Formlabs Form2 3D-skrivare. Detta \u00e4r en skrivare f\u00f6r att prim\u00e4rt skriva ut sm\u00e5 objekt med h\u00f6g kvalitet och sl\u00e4ta ytor. Denna maskin skriver ut genom att lysa med laser in i en beh\u00e5llare med flytande plats som stelnar d\u00e4r laserstr\u00e5len fokuseras, s\u00e5 kallad stereolitografi. Maskinen \u00e4r mycket \u00f6mt\u00e5lig och du ska &hellip; <a href=\"https:\/\/www.luleamakerspace.se\/?page_id=1452\" class=\"more-link\">Forts\u00e4tt l\u00e4sa <span class=\"screen-reader-text\">Formlabs Form2<\/span> <span class=\"meta-nav\">&rarr;<\/span><\/a><\/p>\n","protected":false},"author":1,"featured_media":0,"parent":670,"menu_order":0,"comment_status":"closed","ping_status":"closed","template":"","meta":{"_crdt_document":"","footnotes":""},"class_list":["post-1452","page","type-page","status-publish","hentry"],"_links":{"self":[{"href":"https:\/\/www.luleamakerspace.se\/index.php?rest_route=\/wp\/v2\/pages\/1452","targetHints":{"allow":["GET"]}}],"collection":[{"href":"https:\/\/www.luleamakerspace.se\/index.php?rest_route=\/wp\/v2\/pages"}],"about":[{"href":"https:\/\/www.luleamakerspace.se\/index.php?rest_route=\/wp\/v2\/types\/page"}],"author":[{"embeddable":true,"href":"https:\/\/www.luleamakerspace.se\/index.php?rest_route=\/wp\/v2\/users\/1"}],"replies":[{"embeddable":true,"href":"https:\/\/www.luleamakerspace.se\/index.php?rest_route=%2Fwp%2Fv2%2Fcomments&post=1452"}],"version-history":[{"count":0,"href":"https:\/\/www.luleamakerspace.se\/index.php?rest_route=\/wp\/v2\/pages\/1452\/revisions"}],"up":[{"embeddable":true,"href":"https:\/\/www.luleamakerspace.se\/index.php?rest_route=\/wp\/v2\/pages\/670"}],"wp:attachment":[{"href":"https:\/\/www.luleamakerspace.se\/index.php?rest_route=%2Fwp%2Fv2%2Fmedia&parent=1452"}],"curies":[{"name":"wp","href":"https:\/\/api.w.org\/{rel}","templated":true}]}}