{"id":13,"date":"2015-07-06T14:51:08","date_gmt":"2015-07-06T12:51:08","guid":{"rendered":"http:\/\/www.luleamakerspace.se\/?page_id=13"},"modified":"2021-01-05T16:47:06","modified_gmt":"2021-01-05T15:47:06","slug":"bli-medlem","status":"publish","type":"page","link":"https:\/\/www.luleamakerspace.se\/?page_id=13","title":{"rendered":"Bli medlem"},"content":{"rendered":"<p>Vill du bli medlem i Lule\u00e5 Makerspace? Medlemskapet g\u00e4ller per kalender\u00e5r och \u00e4r 200:- f\u00f6r personligt medlemskap samt 200:- per vuxen i en familj upp till 400:- och d\u00e5 blir barn gratis medlemmar. Dvs, \u00e4r man ensamst\u00e5ende f\u00f6r\u00e4lder med flera barn s\u00e5 kostar det \u00e4nd\u00e5 bara 200:-. Bra, eller hur?!<\/p>\n<p>OBS enbart vuxna personer (\u00e5lder 18+) kan bli medlem. F\u00f6r barn g\u00e4ller att f\u00f6r\u00e4lder\/familj blir medlem.<\/p>\n<p>Fyll i medlemsinformation <a href=\"https:\/\/docs.google.com\/forms\/d\/1to_H8zIS_KChTOzZhUvVks3F-F7sCJNWSqLElo46Mbk\/viewform\">h\u00e4r.<\/a><\/p>\n<p>S\u00e4tt in medlemsavgiften p\u00e5 bankgiro-konto\u00a0213-4237 och ditt namn som meddelande eller Swisha till 1234965851 (skriv LMS medlemskap och ditt namn som meddelande).<\/p>\n<p>OBS: vid f\u00f6rnyelse s\u00e5 r\u00e4cker det med en inbetalning. Du beh\u00f6ver inte fylla i formul\u00e4ret igen.<\/p>\n<p>Medlemskap f\u00f6r nya medlemmar efter 15 augusti g\u00e4ller \u00e4ven efterf\u00f6ljande \u00e5r!<\/p>\n<p>Fr\u00e5gor? Maila <a href=\"mailto:hej@luleamakerspace.se\">hej@luleamakerspace.se<\/a>.<br \/><br \/><\/p>\n\n\n<div class=\"wp-block-image\"><figure class=\"aligncenter size-large is-resized\"><a href=\"http:\/\/www.luleamakerspace.se\/wp-content\/uploads\/2021\/01\/LMS-Swish.png\"><img decoding=\"async\" data-src=\"http:\/\/www.luleamakerspace.se\/wp-content\/uploads\/2021\/01\/LMS-Swish-904x1024.png\" alt=\"\" class=\"wp-image-1405 lazyload\" width=\"452\" height=\"512\" data-srcset=\"https:\/\/www.luleamakerspace.se\/wp-content\/uploads\/2021\/01\/LMS-Swish-904x1024.png 904w, https:\/\/www.luleamakerspace.se\/wp-content\/uploads\/2021\/01\/LMS-Swish-265x300.png 265w, https:\/\/www.luleamakerspace.se\/wp-content\/uploads\/2021\/01\/LMS-Swish-768x870.png 768w, https:\/\/www.luleamakerspace.se\/wp-content\/uploads\/2021\/01\/LMS-Swish-1355x1536.png 1355w, https:\/\/www.luleamakerspace.se\/wp-content\/uploads\/2021\/01\/LMS-Swish.png 1500w\" data-sizes=\"(max-width: 452px) 100vw, 452px\" src=\"data:image\/svg+xml;base64,PHN2ZyB3aWR0aD0iMSIgaGVpZ2h0PSIxIiB4bWxucz0iaHR0cDovL3d3dy53My5vcmcvMjAwMC9zdmciPjwvc3ZnPg==\" style=\"--smush-placeholder-width: 452px; --smush-placeholder-aspect-ratio: 452\/512;\" \/><\/a><\/figure><\/div>\n","protected":false},"excerpt":{"rendered":"<p>Vill du bli medlem i Lule\u00e5 Makerspace? Medlemskapet g\u00e4ller per kalender\u00e5r och \u00e4r 200:- f\u00f6r personligt medlemskap samt 200:- per vuxen i en familj upp till 400:- och d\u00e5 blir barn gratis medlemmar. Dvs, \u00e4r man ensamst\u00e5ende f\u00f6r\u00e4lder med flera barn s\u00e5 kostar det \u00e4nd\u00e5 bara 200:-. Bra, eller hur?! OBS enbart vuxna personer (\u00e5lder &hellip; <a href=\"https:\/\/www.luleamakerspace.se\/?page_id=13\" class=\"more-link\">Forts\u00e4tt l\u00e4sa <span class=\"screen-reader-text\">Bli medlem<\/span> <span class=\"meta-nav\">&rarr;<\/span><\/a><\/p>\n","protected":false},"author":1,"featured_media":0,"parent":0,"menu_order":0,"comment_status":"open","ping_status":"open","template":"","meta":{"_crdt_document":"","footnotes":""},"class_list":["post-13","page","type-page","status-publish","hentry"],"_links":{"self":[{"href":"https:\/\/www.luleamakerspace.se\/index.php?rest_route=\/wp\/v2\/pages\/13","targetHints":{"allow":["GET"]}}],"collection":[{"href":"https:\/\/www.luleamakerspace.se\/index.php?rest_route=\/wp\/v2\/pages"}],"about":[{"href":"https:\/\/www.luleamakerspace.se\/index.php?rest_route=\/wp\/v2\/types\/page"}],"author":[{"embeddable":true,"href":"https:\/\/www.luleamakerspace.se\/index.php?rest_route=\/wp\/v2\/users\/1"}],"replies":[{"embeddable":true,"href":"https:\/\/www.luleamakerspace.se\/index.php?rest_route=%2Fwp%2Fv2%2Fcomments&post=13"}],"version-history":[{"count":0,"href":"https:\/\/www.luleamakerspace.se\/index.php?rest_route=\/wp\/v2\/pages\/13\/revisions"}],"wp:attachment":[{"href":"https:\/\/www.luleamakerspace.se\/index.php?rest_route=%2Fwp%2Fv2%2Fmedia&parent=13"}],"curies":[{"name":"wp","href":"https:\/\/api.w.org\/{rel}","templated":true}]}}